{"id":62,"date":"2025-03-11T22:24:00","date_gmt":"2025-03-11T21:24:00","guid":{"rendered":"https:\/\/zgmkwr.pl\/?page_id=62"},"modified":"2025-05-26T15:12:15","modified_gmt":"2025-05-26T13:12:15","slug":"cmentarze-komunalne","status":"publish","type":"page","link":"https:\/\/zgmkwr.pl\/index.php\/cmentarze-komunalne\/","title":{"rendered":"Cmentarze komunalne"},"content":{"rendered":"\n<hr class=\"wp-block-separator has-alpha-channel-opacity\"\/>\n\n\n\n<p><strong>ZAK\u0141AD GOSPODARKI MIESZKANIOWEJ&nbsp;PRZYPOMINA OSOBOM POSIADAJ\u0104CYM SWOICH BLISKICH POCHOWANYCH NA CMENTARZACH KOMUNALNYCH W K\u0104TACH WROC\u0141AWSKICH, SMOLCU, SO\u015aNICY, KILIANOWIE&nbsp;<\/strong><strong>O KONIECZNO\u015aCI WNOSZENIA OP\u0141AT Z TYTU\u0141U PRZED\u0141U\u017bENIA WA\u017bNO\u015aCI GROB\u00d3W.<\/strong><\/p>\n\n\n\n<p><strong>R\u00f3wnocze\u015bnie przypomina si\u0119, \u017ce termin wa\u017cno\u015bci utrzymania grobu up\u0142ywa po dwudziestu latach od chwili poch\u00f3wku lub&nbsp;od daty ostatniego przed\u0142u\u017cenia&nbsp;<\/strong><strong>(Dz.U. z 2011r. nr 118 poz. 687, art. 7 ust. 2).<\/strong><\/p>\n\n\n\n<p><strong>Po tym terminie&nbsp;Zak\u0142ad Gospodarki Mieszkaniowej ma prawo likwidacji grobu.<\/strong><\/p>\n\n\n\n<p><strong>INFORMACJE MO\u017bNA UZYSKA\u0106 W SIEDZIBIE ZGM PRZY UL. 1 MAJA 85<\/strong> <strong>W K\u0104TACH WROC\u0141AWSKICH w poniedzia\u0142ek -wtorek-czwartek 7:30-15:30, \u015broda 7:30-17:00, pi\u0105tek 7:30-14:00 LUB POD NUMEREM TELEFONU 71\/3167 079<\/strong><\/p>\n\n\n\n<p><a href=\"https:\/\/zgmkwr.pl\/wp-content\/uploads\/2025\/03\/Uchwala-L-641-22-z.dn_.24.02.2022r.-o-cmentarzach-zmiana.pdf\">Uchwala-L-641-22-z.dn_.24.02.2022r.-o-cmentarzach-zmiana.pdf<\/a><\/p>\n\n\n\n<p><a href=\"https:\/\/zgmkwr.pl\/wp-content\/uploads\/2025\/03\/Dziennik-Urzedowy-UWOJ-09.02.2022r.-uchwala-oplaty-cmentarze.pdf\">Dziennik-Urzedowy-UWOJ-09.02.2022r.-uchwala-oplaty-cmentarze.pdf<\/a><\/p>\n\n\n\n<p><\/p>\n","protected":false},"excerpt":{"rendered":"<p>ZAK\u0141AD GOSPODARKI MIESZKANIOWEJ&nbsp;PRZYPOMINA OSOBOM POSIADAJ\u0104CYM SWOICH BLISKICH POCHOWANYCH NA CMENTARZACH KOMUNALNYCH W K\u0104TACH WROC\u0141AWSKICH, SMOLCU, SO\u015aNICY, KILIANOWIE&nbsp;O KONIECZNO\u015aCI WNOSZENIA OP\u0141AT Z TYTU\u0141U PRZED\u0141U\u017bENIA WA\u017bNO\u015aCI GROB\u00d3W. R\u00f3wnocze\u015bnie przypomina si\u0119, \u017ce termin wa\u017cno\u015bci utrzymania grobu up\u0142ywa po dwudziestu latach od chwili poch\u00f3wku lub&nbsp;od daty ostatniego przed\u0142u\u017cenia&nbsp;(Dz.U. z 2011r. nr 118 poz. 687, art. 7 ust. 2). Po [&hellip;]<\/p>\n","protected":false},"author":1,"featured_media":0,"parent":0,"menu_order":0,"comment_status":"closed","ping_status":"closed","template":"","meta":{"footnotes":""},"class_list":["post-62","page","type-page","status-publish","hentry"],"_links":{"self":[{"href":"https:\/\/zgmkwr.pl\/index.php\/wp-json\/wp\/v2\/pages\/62","targetHints":{"allow":["GET"]}}],"collection":[{"href":"https:\/\/zgmkwr.pl\/index.php\/wp-json\/wp\/v2\/pages"}],"about":[{"href":"https:\/\/zgmkwr.pl\/index.php\/wp-json\/wp\/v2\/types\/page"}],"author":[{"embeddable":true,"href":"https:\/\/zgmkwr.pl\/index.php\/wp-json\/wp\/v2\/users\/1"}],"replies":[{"embeddable":true,"href":"https:\/\/zgmkwr.pl\/index.php\/wp-json\/wp\/v2\/comments?post=62"}],"version-history":[{"count":2,"href":"https:\/\/zgmkwr.pl\/index.php\/wp-json\/wp\/v2\/pages\/62\/revisions"}],"predecessor-version":[{"id":151,"href":"https:\/\/zgmkwr.pl\/index.php\/wp-json\/wp\/v2\/pages\/62\/revisions\/151"}],"wp:attachment":[{"href":"https:\/\/zgmkwr.pl\/index.php\/wp-json\/wp\/v2\/media?parent=62"}],"curies":[{"name":"wp","href":"https:\/\/api.w.org\/{rel}","templated":true}]}}