{"id":26,"date":"2025-03-11T21:49:15","date_gmt":"2025-03-11T20:49:15","guid":{"rendered":"https:\/\/zgmkwr.pl\/?page_id=26"},"modified":"2025-03-11T22:00:59","modified_gmt":"2025-03-11T21:00:59","slug":"o-nas","status":"publish","type":"page","link":"https:\/\/zgmkwr.pl\/index.php\/o-nas\/","title":{"rendered":"O nas"},"content":{"rendered":"\n<hr class=\"wp-block-separator has-alpha-channel-opacity\"\/>\n\n\n\n<p><strong>Zak\u0142ad Gospodarki Mieszkaniowej<\/strong><\/p>\n\n\n\n<p><strong>ul.&nbsp;1 Maja 85<br>55-080&nbsp;K\u0105ty Wroc\u0142awskie<\/strong><\/p>\n\n\n\n<p><strong>Dni i godziny otwarcia Zak\u0142adu:<\/strong>&nbsp;<\/p>\n\n\n\n<p>Poniedzia\u0142ek &#8211; Czwartek 7:15-15:30<\/p>\n\n\n\n<p>Pi\u0105tek 7:15-14:15<\/p>\n\n\n\n<p><strong>Kontakt:&nbsp;<\/strong>tel.: (71) 316 70 79<br>e-mail:&nbsp;<a href=\"mailto:zgm@zgmkwr.pl\">zgm@zgmkwr.pl<\/a><\/p>\n\n\n\n<p><strong>Konto bankowe:&nbsp;<\/strong>Bank Sp\u00f3\u0142dzielczy w K\u0105tach Wroc\u0142awskich<\/p>\n\n\n\n<p>95 9574 0005 2001 0039 1010 0002<\/p>\n\n\n\n<p><strong>REGON:<\/strong>&nbsp;932141549<\/p>\n\n\n\n<p><strong>NIP:&nbsp;<\/strong>896-12-49-928<\/p>\n\n\n\n<p><\/p>\n","protected":false},"excerpt":{"rendered":"<p>Zak\u0142ad Gospodarki Mieszkaniowej ul.&nbsp;1 Maja 8555-080&nbsp;K\u0105ty Wroc\u0142awskie Dni i godziny otwarcia Zak\u0142adu:&nbsp; Poniedzia\u0142ek &#8211; Czwartek 7:15-15:30 Pi\u0105tek 7:15-14:15 Kontakt:&nbsp;tel.: (71) 316 70 79e-mail:&nbsp;zgm@zgmkwr.pl Konto bankowe:&nbsp;Bank Sp\u00f3\u0142dzielczy w K\u0105tach Wroc\u0142awskich 95 9574 0005 2001 0039 1010 0002 REGON:&nbsp;932141549 NIP:&nbsp;896-12-49-928<\/p>\n","protected":false},"author":1,"featured_media":0,"parent":0,"menu_order":0,"comment_status":"closed","ping_status":"closed","template":"","meta":{"footnotes":""},"class_list":["post-26","page","type-page","status-publish","hentry"],"_links":{"self":[{"href":"https:\/\/zgmkwr.pl\/index.php\/wp-json\/wp\/v2\/pages\/26","targetHints":{"allow":["GET"]}}],"collection":[{"href":"https:\/\/zgmkwr.pl\/index.php\/wp-json\/wp\/v2\/pages"}],"about":[{"href":"https:\/\/zgmkwr.pl\/index.php\/wp-json\/wp\/v2\/types\/page"}],"author":[{"embeddable":true,"href":"https:\/\/zgmkwr.pl\/index.php\/wp-json\/wp\/v2\/users\/1"}],"replies":[{"embeddable":true,"href":"https:\/\/zgmkwr.pl\/index.php\/wp-json\/wp\/v2\/comments?post=26"}],"version-history":[{"count":2,"href":"https:\/\/zgmkwr.pl\/index.php\/wp-json\/wp\/v2\/pages\/26\/revisions"}],"predecessor-version":[{"id":45,"href":"https:\/\/zgmkwr.pl\/index.php\/wp-json\/wp\/v2\/pages\/26\/revisions\/45"}],"wp:attachment":[{"href":"https:\/\/zgmkwr.pl\/index.php\/wp-json\/wp\/v2\/media?parent=26"}],"curies":[{"name":"wp","href":"https:\/\/api.w.org\/{rel}","templated":true}]}}