{"id":117,"date":"2025-03-31T20:07:08","date_gmt":"2025-03-31T18:07:08","guid":{"rendered":"https:\/\/zgmkwr.pl\/?page_id=117"},"modified":"2026-03-02T09:28:52","modified_gmt":"2026-03-02T08:28:52","slug":"gospodarka-mieszkaniowa","status":"publish","type":"page","link":"https:\/\/zgmkwr.pl\/index.php\/gospodarka-mieszkaniowa\/","title":{"rendered":"Gospodarka Mieszkaniowa"},"content":{"rendered":"\n<p><strong>INFORMACJE\/AKTUALNO\u015aCI<\/strong><\/p>\n\n\n\n<p><strong>Nab\u00f3r nowych wniosk\u00f3w na rok 2027 do 30 czerwca 2026 r. 15:30<\/strong><\/p>\n\n\n\n<h2 class=\"wp-block-heading\">Godziny przyjmowania klient\u00f3w:<\/h2>\n\n\n\n<p>poniedzia\u0142ek &#8211; pi\u0105tek 8:00 \u2013 12:00 lub po wcze\u015bniejszym um\u00f3wieniu si\u0119<\/p>\n\n\n\n<p><strong>AKTUALNE PROGI DOCHODOWE<\/strong><\/p>\n\n\n\n<p><strong>NAJEM SOCJALNY&nbsp;<\/strong><\/p>\n\n\n\n<ul class=\"wp-block-list\">\n<li>100 % najni\u017cszej emerytury w gospodarstwach\u00a0 jednoosobowych \u2013 obecnie <strong>1.978,49 z\u0142<\/strong><\/li>\n\n\n\n<li>60 % najni\u017cszej emerytury w gospodarstwach wieloosobowych \u2013 obecnie <strong>1.187,09 z\u0142.<\/strong><\/li>\n<\/ul>\n\n\n\n<p><strong>NAJEM NA CZAS NIEOZNACZONY<\/strong><\/p>\n\n\n\n<p>dla umowy w ramach najmu na czas nieoznaczony (wy\u017cszy ni\u017c dla umowy w ramach najmu socjalnego i nieprzekraczaj\u0105cy):<\/p>\n\n\n\n<ul class=\"wp-block-list\">\n<li>200 % najni\u017cszej emerytury w gospodarstwach\u00a0 jednoosobowych \u2013 obecnie <strong>3.956,98 z\u0142<\/strong><\/li>\n\n\n\n<li>150 % najni\u017cszej emerytury w gospodarstwach wieloosobowych \u2013 obecnie <strong>2.967,74 z\u0142<\/strong>.<\/li>\n<\/ul>\n\n\n\n<p><strong>NAJEM LOKALU DO REMONTU LUB Z ZASOBU TBS<\/strong><\/p>\n\n\n\n<p>dla umowy w ramach najmu lokalu do remontu (wy\u017cszy ni\u017c dla umowy w ramach najmu na czas nieoznaczony i nieprzekraczaj\u0105cy):<\/p>\n\n\n\n<ul class=\"wp-block-list\">\n<li>350 % najni\u017cszej emerytury w gospodarstwach\u00a0jednoosobowych \u2013 obecnie <strong>6.924,72 z\u0142<\/strong><\/li>\n\n\n\n<li>300 % najni\u017cszej emerytury w gospodarstwach wieloosobowych \u2013 obecnie <strong>5.935,47 z\u0142.<\/strong><\/li>\n<\/ul>\n\n\n\n<p><a href=\"https:\/\/bip.zgmkwr.pl\/p,28,gospodarka-mieszkaniowa\">https:\/\/bip.zgmkwr.pl\/p,28,gospodarka-mieszkaniowa<\/a><\/p>\n","protected":false},"excerpt":{"rendered":"<p>INFORMACJE\/AKTUALNO\u015aCI Nab\u00f3r nowych wniosk\u00f3w na rok 2027 do 30 czerwca 2026 r. 15:30 Godziny przyjmowania klient\u00f3w: poniedzia\u0142ek &#8211; pi\u0105tek 8:00 \u2013 12:00 lub po wcze\u015bniejszym um\u00f3wieniu si\u0119 AKTUALNE PROGI DOCHODOWE NAJEM SOCJALNY&nbsp; NAJEM NA CZAS NIEOZNACZONY dla umowy w ramach najmu na czas nieoznaczony (wy\u017cszy ni\u017c dla umowy w ramach najmu socjalnego i nieprzekraczaj\u0105cy): NAJEM [&hellip;]<\/p>\n","protected":false},"author":1,"featured_media":0,"parent":0,"menu_order":0,"comment_status":"closed","ping_status":"closed","template":"","meta":{"footnotes":""},"class_list":["post-117","page","type-page","status-publish","hentry"],"_links":{"self":[{"href":"https:\/\/zgmkwr.pl\/index.php\/wp-json\/wp\/v2\/pages\/117","targetHints":{"allow":["GET"]}}],"collection":[{"href":"https:\/\/zgmkwr.pl\/index.php\/wp-json\/wp\/v2\/pages"}],"about":[{"href":"https:\/\/zgmkwr.pl\/index.php\/wp-json\/wp\/v2\/types\/page"}],"author":[{"embeddable":true,"href":"https:\/\/zgmkwr.pl\/index.php\/wp-json\/wp\/v2\/users\/1"}],"replies":[{"embeddable":true,"href":"https:\/\/zgmkwr.pl\/index.php\/wp-json\/wp\/v2\/comments?post=117"}],"version-history":[{"count":3,"href":"https:\/\/zgmkwr.pl\/index.php\/wp-json\/wp\/v2\/pages\/117\/revisions"}],"predecessor-version":[{"id":230,"href":"https:\/\/zgmkwr.pl\/index.php\/wp-json\/wp\/v2\/pages\/117\/revisions\/230"}],"wp:attachment":[{"href":"https:\/\/zgmkwr.pl\/index.php\/wp-json\/wp\/v2\/media?parent=117"}],"curies":[{"name":"wp","href":"https:\/\/api.w.org\/{rel}","templated":true}]}}